{"id":4472,"date":"2025-03-30T17:22:00","date_gmt":"2025-03-30T17:22:00","guid":{"rendered":"https:\/\/ajgcreations.com\/shop\/ajg-lapin-signet\/"},"modified":"2025-04-07T20:57:08","modified_gmt":"2025-04-07T20:57:08","slug":"ajg-lapin-signet","status":"publish","type":"product","link":"https:\/\/ajgcreations.com\/fr\/boutique\/ajg-lapin-signet\/","title":{"rendered":"Signet Lapin"},"content":{"rendered":"<p><span style=\"font-weight: 400;\">Red\u00e9couvrez la magie de fabriquer des choses \u00e0 la main et cr\u00e9ez votre propre compagnon de lecture avec notre ensemble de signets Lapin, id\u00e9al pour c\u00e9l\u00e9brer P\u00e2ques en toute cr\u00e9ativit\u00e9!<\/span><\/p>\n<p><span style=\"font-weight: 400;\">Chaque ensemble contient 4 paquets individuels, parfaits pour les activit\u00e9s d&rsquo;\u00e9cole, les f\u00eates d\u2019anniversaire ou m\u00eame pour des ateliers cr\u00e9atifs. Dans chaque paquet, chaque signet regroupe 8 pi\u00e8ces soigneusement con\u00e7ues \u00e0 assembler et qui s&rsquo;adapte \u00e0 n&rsquo;importe quel coin de page ou couverture de livre.<\/span><\/p>\n<p><span style=\"font-weight: 400;\">Ce qui rend nos signets sp\u00e9ciaux :<\/span><\/p>\n<ul>\n<li style=\"font-weight: 400;\" aria-level=\"1\"><b>Assemblage infaillible :<\/b><span style=\"font-weight: 400;\"> Con\u00e7u pour r\u00e9ussir, chaque pi\u00e8ce s&rsquo;aligne parfaitement et tient ensemble avec n&rsquo;importe quel type de colle<\/span><\/li>\n<li style=\"font-weight: 400;\" aria-level=\"1\"><b>Ax\u00e9 sur le d\u00e9veloppement :<\/b><span style=\"font-weight: 400;\"> Am\u00e9liore la motricit\u00e9 fine et la conscience spatiale tout en renfor\u00e7ant la confiance en leurs capacit\u00e9s<\/span><\/li>\n<li style=\"font-weight: 400;\" aria-level=\"1\"><b>Adapt\u00e9 \u00e0 tous les \u00e2ges :<\/b><span style=\"font-weight: 400;\"> Assez simple pour les enfants de 5 ans, mais autant captivant pour les enfants plus \u00e2g\u00e9s et les adultes<\/span><\/li>\n<li style=\"font-weight: 400;\" aria-level=\"1\"><b>Aucune supervision requise :<\/b><span style=\"font-weight: 400;\"> Pas besoin de ciseaux, de colle chaude ou d&rsquo;adultes n\u00e9cessaires pour l&rsquo;assemblage<\/span><\/li>\n<li style=\"font-weight: 400;\" aria-level=\"1\"><b>Design de qualit\u00e9 :<\/b><span style=\"font-weight: 400;\"> Construction en carton robuste qui garantit que votre signet reste intact \u00e0 travers d&rsquo;innombrables aventures<\/span><\/li>\n<li style=\"font-weight: 400;\" aria-level=\"1\"><b>Sans d\u00e9g\u00e2t :<\/b><span style=\"font-weight: 400;\"> Pas de pi\u00e8ces restantes, ce qui le rend id\u00e9al \u00e0 transporter partout pour bricoler lors des d\u00e9placements<\/span><\/li>\n<\/ul>\n<p><span style=\"font-weight: 400;\">Chaque emballage comprend :<\/span><\/p>\n<ul>\n<li style=\"font-weight: 400;\" aria-level=\"1\"><span style=\"font-weight: 400;\">4 ensembles individuels de signets (8 morceaux chacun)<\/span><\/li>\n<li style=\"font-weight: 400;\" aria-level=\"1\"><span style=\"font-weight: 400;\">Instructions claires et faciles \u00e0 suivre<\/span><\/li>\n<li style=\"font-weight: 400;\" aria-level=\"1\"><span style=\"font-weight: 400;\">Des heures de plaisir et de cr\u00e9ativit\u00e9 !<\/span><\/li>\n<\/ul>\n<p><span style=\"font-weight: 400;\">Regardez votre enfant d\u00e9couvrir la satisfaction de cr\u00e9er quelque chose de ses propres mains. Nos pi\u00e8ces d\u00e9coup\u00e9es avec pr\u00e9cision et notre assemblage simple garantissent une exp\u00e9rience r\u00e9ussie et fluide qui laisse les jeunes artisans demander de nouveaux compagnons de signet !<\/span><\/p>\n<p><span style=\"font-weight: 400;\">Parfait pour :<\/span><\/p>\n<ul>\n<li style=\"font-weight: 400;\" aria-level=\"1\"><span style=\"font-weight: 400;\">Activit\u00e9 lors des jours de pluie<\/span><\/li>\n<li style=\"font-weight: 400;\" aria-level=\"1\"><span style=\"font-weight: 400;\">Bricolage pour les f\u00eates d&rsquo;anniversaire<\/span><\/li>\n<li style=\"font-weight: 400;\" aria-level=\"1\"><span style=\"font-weight: 400;\">Projet de classe ou de service de garde<\/span><\/li>\n<li style=\"font-weight: 400;\" aria-level=\"1\"><span style=\"font-weight: 400;\">Cadeau \u00e9ducatif<\/span><\/li>\n<li style=\"font-weight: 400;\" aria-level=\"1\"><span style=\"font-weight: 400;\">Inciter l\u2019int\u00e9r\u00eat \u00e0 la lecture<\/span><\/li>\n<\/ul>\n<p><span style=\"font-weight: 400;\">Le meilleur ? Ces signets ne sont pas seulement des bricolages, ce sont des compagnons de lecture que les enfants montreront fi\u00e8rement ! Que ce soit pour marquer une histoire pr\u00e9f\u00e9r\u00e9e ou d\u00e9corer la couverture d&rsquo;un manuel scolaire, chaque signet Lapin ajoute une touche personnelle \u00e0 chaque parcours de lecture.<\/span><\/p>\n","protected":false},"excerpt":{"rendered":"<p><span style=\"font-weight: 400;\">Cr\u00e9ez votre propre compagnon de lecture avec nos ensembles de signets Lapin !\u00a0<\/span><\/p>\n<p><span style=\"font-weight: 400;\">Parfaits pour les petites mains et les esprits en d\u00e9veloppement, ces signets de coin de page sont satisfaisants et faciles \u00e0 assembler, ne n\u00e9cessitant que de la colle et de l&rsquo;imagination.<\/span><\/p>\n<p><span style=\"font-weight: 400;\">Regardez votre enfant d\u00e9velopper sa motricit\u00e9 fine et d\u00e9couvrir la joie du bricolage pendant qu&rsquo;il cr\u00e9e son propre signet Lapin qu&rsquo;il voudra emporter partout o\u00f9 il ira !<\/span><\/p>\n","protected":false},"featured_media":4442,"comment_status":"open","ping_status":"closed","template":"","meta":{"_acf_changed":false},"product_brand":[66],"product_cat":[59],"product_tag":[60],"product-type":[68],"product-categories":[69],"class_list":{"0":"post-4472","1":"product","2":"type-product","3":"status-publish","4":"has-post-thumbnail","6":"product_brand-ajg-fr","7":"product_cat-produits-vitrine","8":"product_tag-paques","9":"product-type-signet","10":"product-categories-animaux","12":"first","13":"instock","14":"featured","15":"taxable","16":"shipping-taxable","17":"purchasable","18":"product-type-variable"},"acf":[],"_links":{"self":[{"href":"https:\/\/ajgcreations.com\/fr\/wp-json\/wp\/v2\/product\/4472","targetHints":{"allow":["GET"]}}],"collection":[{"href":"https:\/\/ajgcreations.com\/fr\/wp-json\/wp\/v2\/product"}],"about":[{"href":"https:\/\/ajgcreations.com\/fr\/wp-json\/wp\/v2\/types\/product"}],"replies":[{"embeddable":true,"href":"https:\/\/ajgcreations.com\/fr\/wp-json\/wp\/v2\/comments?post=4472"}],"version-history":[{"count":4,"href":"https:\/\/ajgcreations.com\/fr\/wp-json\/wp\/v2\/product\/4472\/revisions"}],"predecessor-version":[{"id":4936,"href":"https:\/\/ajgcreations.com\/fr\/wp-json\/wp\/v2\/product\/4472\/revisions\/4936"}],"wp:featuredmedia":[{"embeddable":true,"href":"https:\/\/ajgcreations.com\/fr\/wp-json\/wp\/v2\/media\/4442"}],"wp:attachment":[{"href":"https:\/\/ajgcreations.com\/fr\/wp-json\/wp\/v2\/media?parent=4472"}],"wp:term":[{"taxonomy":"product_brand","embeddable":true,"href":"https:\/\/ajgcreations.com\/fr\/wp-json\/wp\/v2\/product_brand?post=4472"},{"taxonomy":"product_cat","embeddable":true,"href":"https:\/\/ajgcreations.com\/fr\/wp-json\/wp\/v2\/product_cat?post=4472"},{"taxonomy":"product_tag","embeddable":true,"href":"https:\/\/ajgcreations.com\/fr\/wp-json\/wp\/v2\/product_tag?post=4472"},{"taxonomy":"product-type","embeddable":true,"href":"https:\/\/ajgcreations.com\/fr\/wp-json\/wp\/v2\/product-type?post=4472"},{"taxonomy":"product-categories","embeddable":true,"href":"https:\/\/ajgcreations.com\/fr\/wp-json\/wp\/v2\/product-categories?post=4472"}],"curies":[{"name":"wp","href":"https:\/\/api.w.org\/{rel}","templated":true}]}}