{"id":4453,"date":"2025-04-02T21:16:23","date_gmt":"2025-04-02T21:16:23","guid":{"rendered":"https:\/\/ajgcreations.com\/shop\/ajg-oeuf-paques-signet\/"},"modified":"2026-03-12T21:36:41","modified_gmt":"2026-03-12T21:36:41","slug":"ajg-oeuf-paques-signet","status":"publish","type":"product","link":"https:\/\/ajgcreations.com\/fr\/boutique\/ajg-oeuf-paques-signet\/","title":{"rendered":"Signet Oeuf de P\u00e2ques"},"content":{"rendered":"<p class=\"whitespace-pre-wrap break-words\">Red\u00e9couvrez la magie de fabriquer des choses \u00e0 la main et cr\u00e9ez votre propre compagnon de lecture avec notre ensemble de signets Coco de P\u00e2ques, id\u00e9al pour c\u00e9l\u00e9brer cette f\u00eate en toute cr\u00e9ativit\u00e9 !<\/p>\n<p class=\"whitespace-pre-wrap break-words\">Chaque ensemble contient 4 paquets individuels, parfaits pour les activit\u00e9s d&rsquo;\u00e9cole, les f\u00eates d&rsquo;anniversaire ou m\u00eame pour des ateliers cr\u00e9atifs. Dans chaque paquet, chaque signet regroupe 10 pi\u00e8ces soigneusement con\u00e7ues \u00e0 assembler et qui s&rsquo;adapte \u00e0 n&rsquo;importe quel coin de page ou couverture de livre.<\/p>\n<p class=\"whitespace-pre-wrap break-words\">Ce qui rend nos signets sp\u00e9ciaux :<\/p>\n<ul class=\"[&amp;:not(:last-child)_ul]:pb-1 [&amp;:not(:last-child)_ol]:pb-1 list-disc space-y-1.5 pl-7\">\n<li class=\"whitespace-normal break-words\"><strong>Assemblage infaillible :<\/strong> Con\u00e7u pour r\u00e9ussir, chaque pi\u00e8ce s&rsquo;aligne parfaitement et tient ensemble avec n&rsquo;importe quel type de colle<\/li>\n<li class=\"whitespace-normal break-words\"><strong>Ax\u00e9 sur le d\u00e9veloppement :<\/strong> Am\u00e9liore la motricit\u00e9 fine et la conscience spatiale tout en renfor\u00e7ant la confiance en leurs capacit\u00e9s<\/li>\n<li class=\"whitespace-normal break-words\"><strong>Adapt\u00e9 \u00e0 tous les \u00e2ges :<\/strong> Assez simple pour les enfants de 5 ans, mais autant captivant pour les enfants plus \u00e2g\u00e9s et les adultes<\/li>\n<li class=\"whitespace-normal break-words\"><strong>Aucune supervision requise :<\/strong> Pas besoin de ciseaux, de colle chaude ou d&rsquo;adultes n\u00e9cessaires pour l&rsquo;assemblage<\/li>\n<li class=\"whitespace-normal break-words\"><strong>Design de qualit\u00e9 :<\/strong> Construction en carton robuste qui garantit que votre signet reste intact \u00e0 travers d&rsquo;innombrables aventures<\/li>\n<li class=\"whitespace-normal break-words\"><strong>Sans d\u00e9g\u00e2t :<\/strong> Pas de pi\u00e8ces restantes, ce qui le rend id\u00e9al \u00e0 transporter partout pour bricoler lors des d\u00e9placements<\/li>\n<\/ul>\n<p class=\"whitespace-pre-wrap break-words\">Chaque emballage comprend :<\/p>\n<ul class=\"[&amp;:not(:last-child)_ul]:pb-1 [&amp;:not(:last-child)_ol]:pb-1 list-disc space-y-1.5 pl-7\">\n<li class=\"whitespace-normal break-words\">4 ensembles individuels de signets (10 morceaux chacun)<\/li>\n<li class=\"whitespace-normal break-words\">Instructions claires et faciles \u00e0 suivre<\/li>\n<li class=\"whitespace-normal break-words\">Des heures de plaisir et de cr\u00e9ativit\u00e9 !<\/li>\n<\/ul>\n<p class=\"whitespace-pre-wrap break-words\">Regardez votre enfant d\u00e9couvrir la satisfaction de cr\u00e9er quelque chose de ses propres mains. Nos pi\u00e8ces d\u00e9coup\u00e9es avec pr\u00e9cision et notre assemblage simple garantissent une exp\u00e9rience r\u00e9ussie et fluide qui laisse les jeunes artisans demander de nouveaux compagnons de signet !<\/p>\n<p class=\"whitespace-pre-wrap break-words\">Parfait pour :<\/p>\n<ul class=\"[&amp;:not(:last-child)_ul]:pb-1 [&amp;:not(:last-child)_ol]:pb-1 list-disc space-y-1.5 pl-7\">\n<li class=\"whitespace-normal break-words\">Activit\u00e9 lors des jours de pluie<\/li>\n<li class=\"whitespace-normal break-words\">Bricolage pour les f\u00eates d&rsquo;anniversaire<\/li>\n<li class=\"whitespace-normal break-words\">Projet de classe ou de service de garde<\/li>\n<li class=\"whitespace-normal break-words\">Cadeau \u00e9ducatif<\/li>\n<li class=\"whitespace-normal break-words\">Inciter l&rsquo;int\u00e9r\u00eat \u00e0 la lecture<\/li>\n<\/ul>\n<p class=\"whitespace-pre-wrap break-words\">Le meilleur ? Ces signets ne sont pas seulement des bricolages, ce sont des compagnons de lecture que les enfants montreront fi\u00e8rement ! Que ce soit pour marquer une histoire pr\u00e9f\u00e9r\u00e9e ou d\u00e9corer la couverture d&rsquo;un manuel scolaire, chaque signet Coco de P\u00e2ques ajoute une touche personnelle \u00e0 chaque parcours de lecture.<\/p>\n","protected":false},"excerpt":{"rendered":"<p class=\"whitespace-pre-wrap break-words\">Encouragez vos enfants \u00e0 ouvrir un livre avec nos ensembles de signets Coco de P\u00e2ques !<\/p>\n<p class=\"whitespace-pre-wrap break-words\">Parfaits pour les petites mains et les esprits en d\u00e9veloppement, ces signets de coin de page sont satisfaisants et faciles \u00e0 assembler, ne n\u00e9cessitant que de la colle et de l&rsquo;imagination.<\/p>\n<p class=\"whitespace-pre-wrap break-words\">Regardez votre enfant d\u00e9velopper sa motricit\u00e9 fine et d\u00e9couvrir la joie du bricolage, ou redevenez vous-m\u00eame un enfant en cr\u00e9ant votre propre signet th\u00e9matique Oeuf de P\u00e2ques !<\/p>\n","protected":false},"featured_media":4449,"comment_status":"closed","ping_status":"closed","template":"","meta":{"_acf_changed":false},"product_brand":[66],"product_cat":[59],"product_tag":[60],"product-type":[68],"product-categories":[70],"class_list":{"0":"post-4453","1":"product","2":"type-product","3":"status-publish","4":"has-post-thumbnail","6":"product_brand-ajg-fr","7":"product_cat-produits-vitrine","8":"product_tag-paques","9":"product-type-signet","10":"product-categories-thematique","12":"first","13":"instock","14":"taxable","15":"shipping-taxable","16":"purchasable","17":"product-type-simple"},"acf":[],"_links":{"self":[{"href":"https:\/\/ajgcreations.com\/fr\/wp-json\/wp\/v2\/product\/4453","targetHints":{"allow":["GET"]}}],"collection":[{"href":"https:\/\/ajgcreations.com\/fr\/wp-json\/wp\/v2\/product"}],"about":[{"href":"https:\/\/ajgcreations.com\/fr\/wp-json\/wp\/v2\/types\/product"}],"replies":[{"embeddable":true,"href":"https:\/\/ajgcreations.com\/fr\/wp-json\/wp\/v2\/comments?post=4453"}],"version-history":[{"count":6,"href":"https:\/\/ajgcreations.com\/fr\/wp-json\/wp\/v2\/product\/4453\/revisions"}],"predecessor-version":[{"id":4911,"href":"https:\/\/ajgcreations.com\/fr\/wp-json\/wp\/v2\/product\/4453\/revisions\/4911"}],"wp:featuredmedia":[{"embeddable":true,"href":"https:\/\/ajgcreations.com\/fr\/wp-json\/wp\/v2\/media\/4449"}],"wp:attachment":[{"href":"https:\/\/ajgcreations.com\/fr\/wp-json\/wp\/v2\/media?parent=4453"}],"wp:term":[{"taxonomy":"product_brand","embeddable":true,"href":"https:\/\/ajgcreations.com\/fr\/wp-json\/wp\/v2\/product_brand?post=4453"},{"taxonomy":"product_cat","embeddable":true,"href":"https:\/\/ajgcreations.com\/fr\/wp-json\/wp\/v2\/product_cat?post=4453"},{"taxonomy":"product_tag","embeddable":true,"href":"https:\/\/ajgcreations.com\/fr\/wp-json\/wp\/v2\/product_tag?post=4453"},{"taxonomy":"product-type","embeddable":true,"href":"https:\/\/ajgcreations.com\/fr\/wp-json\/wp\/v2\/product-type?post=4453"},{"taxonomy":"product-categories","embeddable":true,"href":"https:\/\/ajgcreations.com\/fr\/wp-json\/wp\/v2\/product-categories?post=4453"}],"curies":[{"name":"wp","href":"https:\/\/api.w.org\/{rel}","templated":true}]}}